{"id":20829,"date":"2015-06-05T16:36:37","date_gmt":"2015-06-05T14:36:37","guid":{"rendered":"https:\/\/undsgn.com\/uncode\/?page_id=20829"},"modified":"2025-03-17T08:51:18","modified_gmt":"2025-03-17T08:51:18","slug":"brochure","status":"publish","type":"page","link":"https:\/\/www.aufgang.com\/es\/blog-old\/brochure\/","title":{"rendered":"Brochure Page"},"content":{"rendered":"<div class=\"wpb-content-wrapper\"><div data-parent=\"true\" class=\"vc_row row-container\" id=\"row-unique-0\"><div class=\"row quad-top-padding quad-bottom-padding quad-h-padding full-width row-parent\" data-height-ratio=\"full\"><div class=\"wpb_row row-inner\"><div class=\"wpb_column pos-top pos-center align_left column_parent col-lg-12 single-internal-gutter\"><div class=\"uncol style-light font-136269\"  ><div class=\"uncoltable\"><div class=\"uncell no-block-padding\" ><div class=\"uncont\" ><div class=\"vc_row row-internal row-container has-dividers\"><div class=\"row row-child\"><div class=\"uncode-divider-wrap uncode-divider-wrap-top z_index_0\" style=\"height: 150px;\" data-height=\"150\" data-unit=\"px\"><svg version=\"1.1\" class=\"uncode-row-divider uncode-row-divider-gradient\" x=\"0px\" y=\"0px\" width=\"240px\" height=\"24px\" viewbox=\"0 0 240 24\" enable-background=\"new 0 0 240 24\" xml:space=\"preserve\" preserveaspectratio=\"none\">\n\t\t<lineargradient id=\"svg-gradient-255926\" gradientunits=\"userSpaceOnUse\" x1=\"119.9995\" y1=\"0\" x2=\"119.9995\" y2=\"24.0005\">\n\t\t\t<stop  offset=\"0\" style=\"stop-color:#ffffff;stop-opacity:0\"\/>\n\t\t\t<stop  offset=\"1\" style=\"stop-color:#ffffff\"\/>\n\t\t<\/lineargradient>\n\t\t<path fill=\"url(#svg-gradient-255926)\" d=\"M240,24V0H0v24H240z\"\/>\n\t\t<\/svg><\/div><div class=\"wpb_row row-inner\"><div class=\"wpb_column pos-top pos-center align_left column_child col-lg-4 half-internal-gutter\"><div class=\"uncol style-light\" ><div class=\"uncoltable\"><div class=\"uncell no-block-padding\" ><div class=\"uncont\" ><div class=\"vc_custom_heading_wrap\"><div class=\"heading-text el-text\" ><h3 class=\"h1 text-color-vyce-color\" ><span><span class=\"font-100745\"><strong><span class=\"font-919751\">Brochures<\/span><\/strong><\/span><\/span><\/h3><\/div><div class=\"clear\"><\/div><\/div><\/div><\/div><\/div><\/div><\/div><div class=\"wpb_column pos-top pos-center align_left column_child col-lg-1 tablet-hidden mobile-hidden single-internal-gutter\"><div class=\"uncol style-light\" ><div class=\"uncoltable\"><div class=\"uncell no-block-padding\" ><div class=\"uncont\" ><\/div><\/div><\/div><\/div><\/div><div class=\"wpb_column pos-top pos-center align_left column_child col-lg-7 single-internal-gutter\"><div class=\"uncol style-light\" ><div class=\"uncoltable\"><div class=\"uncell no-block-padding\" ><div class=\"uncont\" ><div class=\"uncode_text_column\" ><p>Aufgang es l\u00edder en tener un equipo\/fuerza laboral diversa entre las firmas de arquitectura de tama\u00f1o mediano en la ciudad de Nueva York. Ariel Aufgang, el director, como arquitecto internacional y propietario de una empresa minoritaria, cree que la equidad de g\u00e9nero y la diversidad cultural aumentan el nivel de creatividad, productividad, debate y resoluci\u00f3n de problemas. Ha cumplido con \u00e9xito este objetivo al brindar igualdad de oportunidades a todas las profesiones del dise\u00f1o, independientemente de su origen nacional, g\u00e9nero, raza y color.<\/p>\n<\/div><\/div><\/div><\/div><\/div><\/div><\/div><\/div><\/div><div class=\"empty-space empty-half\" ><span class=\"empty-space-inner\"><\/span><\/div>\n<div class=\"divider-wrapper\"  >\n    <hr class=\"unseparator border-accent-color separator-no-padding\"  \/>\n<\/div>\n<div class=\"empty-space empty-half\" ><span class=\"empty-space-inner\"><\/span><\/div>\n<div id=\"index-197143\" class=\"isotope-system isotope-general-light grid-general-light\" >\n\t\t\t\n\t\t\t\t\t\t\t\t\t\t\t\t\t\t<div class=\"isotope-wrapper grid-wrapper double-gutter\" >\t\t\t\t\t\t\t\t\t\t\t\t<div class=\"isotope-container grid-container isotope-layout style-masonry isotope-pagination grid-pagination\" data-type=\"masonry\" data-layout=\"vertical\" data-lg=\"1000\" data-md=\"600\" data-sm=\"480\" data-vp-height=\"\">\t\t\t<div class=\"tmb atc-typography-inherit tmb-iso-w12 tmb-iso-h4 tmb-light tmb-overlay-text-anim tmb-overlay-anim tmb-content-left tmb-image-anim tmb-meta-size-large  grid-cat-124 tmb-id-154126 tmb-content-under tmb-media-first tmb-no-bg\" ><div class=\"t-inside animate_when_almost_visible right-t-left\" data-delay=\"200\" data-speed=\"800\"><div class=\"t-entry-visual\"><div class=\"t-entry-visual-tc\"><div class=\"t-entry-visual-cont\"><div class=\"dummy\" style=\"padding-top: 90.2%;\"><\/div><a role=\"button\" tabindex=\"-1\" href=\"https:\/\/www.aufgang.com\/es\/supportive-housing-and-transient-shelters\/\" class=\"pushed\" target=\"_self\" data-lb-index=\"0\"><div class=\"t-entry-visual-overlay\"><div class=\"t-entry-visual-overlay-in style-dark-bg\" style=\"opacity: 0.5;\"><\/div><\/div><img decoding=\"async\" class=\"wp-image-154272\" src=\"https:\/\/www.aufgang.com\/wp-content\/uploads\/2025\/03\/sheltrer.png\" width=\"1066\" height=\"962\" alt=\"\" srcset=\"https:\/\/www.aufgang.com\/wp-content\/uploads\/2025\/03\/sheltrer.png 1066w, https:\/\/www.aufgang.com\/wp-content\/uploads\/2025\/03\/sheltrer-300x271.png 300w, https:\/\/www.aufgang.com\/wp-content\/uploads\/2025\/03\/sheltrer-1024x924.png 1024w, https:\/\/www.aufgang.com\/wp-content\/uploads\/2025\/03\/sheltrer-768x693.png 768w, https:\/\/www.aufgang.com\/wp-content\/uploads\/2025\/03\/sheltrer-13x12.png 13w, https:\/\/www.aufgang.com\/wp-content\/uploads\/2025\/03\/sheltrer-200x180.png 200w, https:\/\/www.aufgang.com\/wp-content\/uploads\/2025\/03\/sheltrer-350x316.png 350w\" sizes=\"(max-width: 1066px) 100vw, 1066px\" \/><\/a><\/div>\n\t\t\t\t\t<\/div>\n\t\t\t\t<\/div><div class=\"t-entry-text\">\n\t\t\t\t\t\t\t\t\t<div class=\"t-entry-text-tc no-block-padding\"><div class=\"t-entry\"><h3 class=\"t-entry-title h3 font-weight-600 title-scale\"><a href=\"https:\/\/www.aufgang.com\/es\/supportive-housing-and-transient-shelters\/\" target=\"_self\">Supportive Housing and Transient Shelters<\/a><\/h3><div class=\"t-entry-excerpt text-lead\"><p>Emergency supportive housing and shelters can differ drastically in what is needed for their residents, depending on whether they are serving families or single adults. This portfolio displays a variety of shelters, both new construction and building conversions.<\/p>\n<\/div><div class=\"spacer spacer-one single-space\"><\/div><\/div><\/div>\n\t\t\t\t\t\t\t<\/div><\/div><\/div><div class=\"tmb atc-typography-inherit tmb-iso-w12 tmb-iso-h4 tmb-light tmb-overlay-text-anim tmb-overlay-anim tmb-content-left tmb-image-anim tmb-meta-size-large  grid-cat-124 tmb-id-154124 tmb-content-under tmb-media-first tmb-no-bg\" ><div class=\"t-inside animate_when_almost_visible right-t-left\" data-delay=\"200\" data-speed=\"800\"><div class=\"t-entry-visual\"><div class=\"t-entry-visual-tc\"><div class=\"t-entry-visual-cont\"><div class=\"dummy\" style=\"padding-top: 94%;\"><\/div><a role=\"button\" tabindex=\"-1\" href=\"https:\/\/www.aufgang.com\/es\/affordable-housing\/\" class=\"pushed\" target=\"_self\" data-lb-index=\"1\"><div class=\"t-entry-visual-overlay\"><div class=\"t-entry-visual-overlay-in style-dark-bg\" style=\"opacity: 0.5;\"><\/div><\/div><img decoding=\"async\" class=\"wp-image-154248\" src=\"https:\/\/www.aufgang.com\/wp-content\/uploads\/2025\/03\/affordable.png\" width=\"1088\" height=\"1023\" alt=\"\" srcset=\"https:\/\/www.aufgang.com\/wp-content\/uploads\/2025\/03\/affordable.png 1088w, https:\/\/www.aufgang.com\/wp-content\/uploads\/2025\/03\/affordable-300x282.png 300w, https:\/\/www.aufgang.com\/wp-content\/uploads\/2025\/03\/affordable-1024x963.png 1024w, https:\/\/www.aufgang.com\/wp-content\/uploads\/2025\/03\/affordable-768x722.png 768w, https:\/\/www.aufgang.com\/wp-content\/uploads\/2025\/03\/affordable-13x12.png 13w, https:\/\/www.aufgang.com\/wp-content\/uploads\/2025\/03\/affordable-200x188.png 200w, https:\/\/www.aufgang.com\/wp-content\/uploads\/2025\/03\/affordable-350x329.png 350w\" sizes=\"(max-width: 1088px) 100vw, 1088px\" \/><\/a><\/div>\n\t\t\t\t\t<\/div>\n\t\t\t\t<\/div><div class=\"t-entry-text\">\n\t\t\t\t\t\t\t\t\t<div class=\"t-entry-text-tc no-block-padding\"><div class=\"t-entry\"><h3 class=\"t-entry-title h3 font-weight-600 title-scale\"><a href=\"https:\/\/www.aufgang.com\/es\/affordable-housing\/\" target=\"_self\">Affordable Housing<\/a><\/h3><div class=\"t-entry-excerpt text-lead\"><p>To accommodate the increasing demand for affordable housing for America\u2019s workforce, Aufgang has been dedicated to creating many reliable and attractive options. This portfolio shows some of the newest projects that have shaped the city skyline.<\/p>\n<\/div><div class=\"spacer spacer-one single-space\"><\/div><\/div><\/div>\n\t\t\t\t\t\t\t<\/div><\/div><\/div><div class=\"tmb atc-typography-inherit tmb-iso-w12 tmb-iso-h4 tmb-light tmb-overlay-text-anim tmb-overlay-anim tmb-content-left tmb-image-anim tmb-meta-size-large  grid-cat-124 tmb-id-154122 tmb-content-under tmb-media-first tmb-no-bg\" ><div class=\"t-inside animate_when_almost_visible right-t-left\" data-delay=\"200\" data-speed=\"800\"><div class=\"t-entry-visual\"><div class=\"t-entry-visual-tc\"><div class=\"t-entry-visual-cont\"><div class=\"dummy\" style=\"padding-top: 92.5%;\"><\/div><a role=\"button\" tabindex=\"-1\" href=\"https:\/\/www.aufgang.com\/es\/cultural-commercial-and-community-facility\/\" class=\"pushed\" target=\"_self\" data-lb-index=\"2\"><div class=\"t-entry-visual-overlay\"><div class=\"t-entry-visual-overlay-in style-dark-bg\" style=\"opacity: 0.5;\"><\/div><\/div><img decoding=\"async\" class=\"wp-image-154245\" src=\"https:\/\/www.aufgang.com\/wp-content\/uploads\/2025\/03\/culture.png\" width=\"1059\" height=\"980\" alt=\"\" srcset=\"https:\/\/www.aufgang.com\/wp-content\/uploads\/2025\/03\/culture.png 1059w, https:\/\/www.aufgang.com\/wp-content\/uploads\/2025\/03\/culture-300x278.png 300w, https:\/\/www.aufgang.com\/wp-content\/uploads\/2025\/03\/culture-1024x948.png 1024w, https:\/\/www.aufgang.com\/wp-content\/uploads\/2025\/03\/culture-768x711.png 768w, https:\/\/www.aufgang.com\/wp-content\/uploads\/2025\/03\/culture-13x12.png 13w, https:\/\/www.aufgang.com\/wp-content\/uploads\/2025\/03\/culture-200x185.png 200w, https:\/\/www.aufgang.com\/wp-content\/uploads\/2025\/03\/culture-350x324.png 350w\" sizes=\"(max-width: 1059px) 100vw, 1059px\" \/><\/a><\/div>\n\t\t\t\t\t<\/div>\n\t\t\t\t<\/div><div class=\"t-entry-text\">\n\t\t\t\t\t\t\t\t\t<div class=\"t-entry-text-tc no-block-padding\"><div class=\"t-entry\"><h3 class=\"t-entry-title h3 font-weight-600 title-scale\"><a href=\"https:\/\/www.aufgang.com\/es\/cultural-commercial-and-community-facility\/\" target=\"_self\">Cultural, Commercial, and Community Facility<\/a><\/h3><div class=\"t-entry-excerpt text-lead\"><p>In addition to residential and mixed-use projects, Aufgang also has designed commercial projects such as offices, schools, and retail. This portfolio includes both new construction and adaptive reuse of historical buildings.<\/p>\n<\/div><div class=\"spacer spacer-one single-space\"><\/div><\/div><\/div>\n\t\t\t\t\t\t\t<\/div><\/div><\/div><div class=\"tmb atc-typography-inherit tmb-iso-w12 tmb-iso-h4 tmb-light tmb-overlay-text-anim tmb-overlay-anim tmb-content-left tmb-image-anim tmb-meta-size-large  grid-cat-124 tmb-id-154119 tmb-content-under tmb-media-first tmb-no-bg\" ><div class=\"t-inside animate_when_almost_visible right-t-left\" data-delay=\"200\" data-speed=\"800\"><div class=\"t-entry-visual\"><div class=\"t-entry-visual-tc\"><div class=\"t-entry-visual-cont\"><div class=\"dummy\" style=\"padding-top: 93.7%;\"><\/div><a role=\"button\" tabindex=\"-1\" href=\"https:\/\/www.aufgang.com\/es\/low-rise\/\" class=\"pushed\" target=\"_self\" data-lb-index=\"3\"><div class=\"t-entry-visual-overlay\"><div class=\"t-entry-visual-overlay-in style-dark-bg\" style=\"opacity: 0.5;\"><\/div><\/div><img decoding=\"async\" class=\"wp-image-154246\" src=\"https:\/\/www.aufgang.com\/wp-content\/uploads\/2025\/03\/low.png\" width=\"1063\" height=\"996\" alt=\"\" srcset=\"https:\/\/www.aufgang.com\/wp-content\/uploads\/2025\/03\/low.png 1063w, https:\/\/www.aufgang.com\/wp-content\/uploads\/2025\/03\/low-300x281.png 300w, https:\/\/www.aufgang.com\/wp-content\/uploads\/2025\/03\/low-1024x959.png 1024w, https:\/\/www.aufgang.com\/wp-content\/uploads\/2025\/03\/low-768x720.png 768w, https:\/\/www.aufgang.com\/wp-content\/uploads\/2025\/03\/low-13x12.png 13w, https:\/\/www.aufgang.com\/wp-content\/uploads\/2025\/03\/low-200x187.png 200w, https:\/\/www.aufgang.com\/wp-content\/uploads\/2025\/03\/low-350x328.png 350w\" sizes=\"(max-width: 1063px) 100vw, 1063px\" \/><\/a><\/div>\n\t\t\t\t\t<\/div>\n\t\t\t\t<\/div><div class=\"t-entry-text\">\n\t\t\t\t\t\t\t\t\t<div class=\"t-entry-text-tc no-block-padding\"><div class=\"t-entry\"><h3 class=\"t-entry-title h3 font-weight-600 title-scale\"><a href=\"https:\/\/www.aufgang.com\/es\/low-rise\/\" target=\"_self\">Low Rise<\/a><\/h3><div class=\"t-entry-excerpt text-lead\"><p>Apartments of 4-6 stories are preferred over high-rises in the suburbs and in certain city neighborhoods. This portfolio showcases a variety of market-rate projects across New York State.<\/p>\n<\/div><div class=\"spacer spacer-one single-space\"><\/div><\/div><\/div>\n\t\t\t\t\t\t\t<\/div><\/div><\/div><div class=\"tmb atc-typography-inherit tmb-iso-w12 tmb-iso-h4 tmb-light tmb-overlay-text-anim tmb-overlay-anim tmb-content-left tmb-image-anim tmb-meta-size-large  grid-cat-124 tmb-id-145999 tmb-content-under tmb-media-first tmb-no-bg\" ><div class=\"t-inside animate_when_almost_visible right-t-left\" data-delay=\"200\" data-speed=\"800\"><div class=\"t-entry-visual\"><div class=\"t-entry-visual-tc\"><div class=\"t-entry-visual-cont\"><div class=\"dummy\" style=\"padding-top: 93.1%;\"><\/div><a role=\"button\" tabindex=\"-1\" href=\"https:\/\/www.aufgang.com\/es\/market-rate-residential\/\" class=\"pushed\" target=\"_self\" data-lb-index=\"4\"><div class=\"t-entry-visual-overlay\"><div class=\"t-entry-visual-overlay-in style-dark-bg\" style=\"opacity: 0.5;\"><\/div><\/div><img decoding=\"async\" class=\"wp-image-154249\" src=\"https:\/\/www.aufgang.com\/wp-content\/uploads\/2025\/03\/market.png\" width=\"1077\" height=\"1003\" alt=\"\" srcset=\"https:\/\/www.aufgang.com\/wp-content\/uploads\/2025\/03\/market.png 1077w, https:\/\/www.aufgang.com\/wp-content\/uploads\/2025\/03\/market-300x279.png 300w, https:\/\/www.aufgang.com\/wp-content\/uploads\/2025\/03\/market-1024x954.png 1024w, https:\/\/www.aufgang.com\/wp-content\/uploads\/2025\/03\/market-768x715.png 768w, https:\/\/www.aufgang.com\/wp-content\/uploads\/2025\/03\/market-13x12.png 13w, https:\/\/www.aufgang.com\/wp-content\/uploads\/2025\/03\/market-200x186.png 200w, https:\/\/www.aufgang.com\/wp-content\/uploads\/2025\/03\/market-350x326.png 350w\" sizes=\"(max-width: 1077px) 100vw, 1077px\" \/><\/a><\/div>\n\t\t\t\t\t<\/div>\n\t\t\t\t<\/div><div class=\"t-entry-text\">\n\t\t\t\t\t\t\t\t\t<div class=\"t-entry-text-tc no-block-padding\"><div class=\"t-entry\"><h1 class=\"t-entry-title h3 font-weight-600 title-scale\"><a href=\"https:\/\/www.aufgang.com\/es\/market-rate-residential\/\" target=\"_self\">Market Rate Residential<\/a><\/h1><div class=\"t-entry-excerpt text-lead\"><p>Some of Aufgang\u2019s most elegant designs appear in the market rate collection, with many featuring desirable amenities, gorgeous rooftop views, and beautiful interiors. This portfolio shows some of the firm\u2019s most unique designs.<\/p>\n<\/div><div class=\"spacer spacer-one single-space\"><\/div><\/div><\/div>\n\t\t\t\t\t\t\t<\/div><\/div><\/div>\t\t<\/div>\t\n\t\n\n\t<\/div>\t\t\t\t<\/div>\n<\/div><\/div><\/div><\/div><\/div><script id=\"script-row-unique-0\" data-row=\"script-row-unique-0\" type=\"text\/javascript\" class=\"vc_controls\">UNCODE.initRow(document.getElementById(\"row-unique-0\"));<\/script><\/div><\/div><\/div>\n<\/div>","protected":false},"excerpt":{"rendered":"Market Rate ResidentialSome of Aufgang\u2019s most elegant designs appear in the market rate collection, with many featuring desirable amenities, gorgeous [...]","protected":false},"author":1,"featured_media":0,"parent":36645,"menu_order":0,"comment_status":"open","ping_status":"closed","template":"","meta":{"footnotes":""},"class_list":["post-20829","page","type-page","status-publish","hentry"],"_links":{"self":[{"href":"https:\/\/www.aufgang.com\/es\/wp-json\/wp\/v2\/pages\/20829","targetHints":{"allow":["GET"]}}],"collection":[{"href":"https:\/\/www.aufgang.com\/es\/wp-json\/wp\/v2\/pages"}],"about":[{"href":"https:\/\/www.aufgang.com\/es\/wp-json\/wp\/v2\/types\/page"}],"author":[{"embeddable":true,"href":"https:\/\/www.aufgang.com\/es\/wp-json\/wp\/v2\/users\/1"}],"replies":[{"embeddable":true,"href":"https:\/\/www.aufgang.com\/es\/wp-json\/wp\/v2\/comments?post=20829"}],"version-history":[{"count":10,"href":"https:\/\/www.aufgang.com\/es\/wp-json\/wp\/v2\/pages\/20829\/revisions"}],"predecessor-version":[{"id":154146,"href":"https:\/\/www.aufgang.com\/es\/wp-json\/wp\/v2\/pages\/20829\/revisions\/154146"}],"up":[{"embeddable":true,"href":"https:\/\/www.aufgang.com\/es\/wp-json\/wp\/v2\/pages\/36645"}],"wp:attachment":[{"href":"https:\/\/www.aufgang.com\/es\/wp-json\/wp\/v2\/media?parent=20829"}],"curies":[{"name":"wp","href":"https:\/\/api.w.org\/{rel}","templated":true}]}}