{"id":3624,"date":"2014-12-12T10:33:34","date_gmt":"2014-12-12T09:33:34","guid":{"rendered":"https:\/\/undsgn.com\/uncode\/?page_id=3624"},"modified":"2026-04-22T09:41:20","modified_gmt":"2026-04-22T09:41:20","slug":"about","status":"publish","type":"page","link":"https:\/\/www.aufgang.com\/es\/about\/","title":{"rendered":"About"},"content":{"rendered":"<div class=\"wpb-content-wrapper\"><div data-parent=\"true\" class=\"vc_row has-bg need-focus style-color-wayh-bg row-container has-dividers\" id=\"row-unique-0\"><div class=\"row-background background-element\">\n\t\t\t\t\t\t\t\t\t\t\t<div class=\"background-wrapper\">\n\t\t\t\t\t\t\t\t\t\t\t\t<div class=\"background-inner\" style=\"background-image: url(https:\/\/www.aufgang.com\/wp-content\/uploads\/2023\/01\/aboutsmall.jpg);background-repeat: no-repeat;background-position: left top;background-attachment: inherit;background-size: cover;\"><\/div>\n\t\t\t\t\t\t\t\t\t\t\t\t<div class=\"block-bg-overlay style-overlay_color-173024-bg\" style=\"opacity: 0.2;\"><\/div>\n\t\t\t\t\t\t\t\t\t\t\t<\/div>\n\t\t\t\t\t\t\t\t\t\t<\/div><div class=\"uncode-divider-wrap uncode-divider-wrap-bottom z_index_0\" style=\"height: 100%; opacity: 0.5\" data-height=\"100\" data-unit=\"%\"><svg version=\"1.1\" class=\"uncode-row-divider uncode-row-divider-gradient\" x=\"0px\" y=\"0px\" width=\"240px\" height=\"24px\" viewbox=\"0 0 240 24\" enable-background=\"new 0 0 240 24\" xml:space=\"preserve\" preserveaspectratio=\"none\">\n\t\t<lineargradient id=\"svg-gradient-210303\" gradientunits=\"userSpaceOnUse\" x1=\"119.9995\" y1=\"0\" x2=\"119.9995\" y2=\"24.0005\">\n\t\t\t<stop  offset=\"0\" style=\"stop-color:#006cff;stop-opacity:0\"\/>\n\t\t\t<stop  offset=\"1\" style=\"stop-color:#006cff\"\/>\n\t\t<\/lineargradient>\n\t\t<path fill=\"url(#svg-gradient-210303)\" d=\"M240,24V0H0v24H240z\"\/>\n\t\t<\/svg><\/div><div class=\"row triple-top-padding triple-bottom-padding single-h-padding limit-width row-parent\" data-height-ratio=\"35\"><div class=\"wpb_row row-inner\"><div class=\"wpb_column pos-bottom pos-center align_center column_parent col-lg-12 single-internal-gutter\"><div class=\"uncol style-spec style-dark\"  ><div class=\"uncoltable\"><div class=\"uncell\" ><div class=\"uncont no-block-padding col-custom-width\" style=\" max-width:696px;\" ><div class=\"vc_custom_heading_wrap\"><div class=\"heading-text el-text\" ><\/div><div class=\"clear\"><\/div><\/div><\/div><\/div><\/div><\/div><\/div><script id=\"script-row-unique-0\" data-row=\"script-row-unique-0\" type=\"text\/javascript\" class=\"vc_controls\">UNCODE.initRow(document.getElementById(\"row-unique-0\"));<\/script><\/div><\/div><\/div><div data-parent=\"true\" class=\"vc_row row-container onepage-section\" data-label=\"Welcome\" data-name=\"welcome\" id=\"row-unique-1\"><div class=\"row-background background-element\" style=\"opacity: 1;\">\n\t\t\t\t\t\t\t\t\t\t\t<div class=\"background-wrapper\">\n\t\t\t\t\t\t\t\t\t\t\t\t<div class=\"background-inner\"><\/div>\n\t\t\t\t\t\t\t\t\t\t\t\t<div class=\"block-bg-overlay style-color-xsdn-bg\" style=\"opacity: 0.7;\"><\/div>\n\t\t\t\t\t\t\t\t\t\t\t<\/div>\n\t\t\t\t\t\t\t\t\t\t<\/div><div class=\"row triple-top-padding triple-bottom-padding single-h-padding limit-width row-parent\"><div class=\"wpb_row row-inner\"><div class=\"wpb_column pos-top pos-center align_left column_parent col-lg-4 one-internal-gutter\"><div class=\"uncol style-light\"  ><div class=\"uncoltable\"><div class=\"uncell no-block-padding\" ><div class=\"uncont\" ><div class=\"vc_custom_heading_wrap\"><div class=\"heading-text el-text\" ><h5 class=\"h4\" ><span><span class=\"font-919751\">Principios rectores<\/span><\/span><\/h5><\/div><div class=\"clear\"><\/div><\/div><\/div><\/div><\/div><\/div><\/div><div class=\"wpb_column pos-top pos-center align_left column_parent col-lg-8 single-internal-gutter\"><div class=\"uncol style-light font-136269\"  ><div class=\"uncoltable\"><div class=\"uncell no-block-padding\" ><div class=\"uncont\" ><div class=\"vc_row row-internal row-container\"><div class=\"row col-double-gutter row-child\"><div class=\"wpb_row row-inner\"><div class=\"wpb_column pos-top pos-center align_left column_child col-lg-6 single-internal-gutter\"><div class=\"uncol style-light\" ><div class=\"uncoltable\"><div class=\"uncell no-block-padding\" ><div class=\"uncont\" ><div class=\"uncode_text_column\" ><p><span class=\"font-607469\">Desde su creaci\u00f3n en 1971, Aufgang se ha hecho conocido por ofrecer dise\u00f1os reflexivos, eficaces y creativos a nuestros clientes, un enfoque que ha sostenido nuestro \u00e9xito y crecimiento. Nuestra sociedad y el mundo han cambiado significativamente en los \u00faltimos 50 a\u00f1os. La forma en que percibimos y respondemos a muchas cuestiones importantes ha cambiado y han surgido otras nuevas. Para los dise\u00f1adores, la importancia de la sostenibilidad ambiental debe reconocerse en todos los aspectos del dise\u00f1o y la ingenier\u00eda. La tecnolog\u00eda ahora impulsa nuestro enfoque para crear hogares c\u00f3modos, seguros y sostenibles. Socialmente, buscamos aumentar el acceso a viviendas deseables para todos. Aufgang se esfuerza por brindar soluciones de dise\u00f1o comercializables, rentables y de alta calidad para cumplir con todos los objetivos de nuestros clientes. Estamos comprometidos a mantener los m\u00e1s altos est\u00e1ndares de \u00e9tica e integridad en las relaciones con nuestros clientes, y comunicarnos de manera clara y proactiva durante todo el proceso de dise\u00f1o y construcci\u00f3n. Tratamos cada proyecto como una oportunidad creativa \u00fanica y elaboramos nuestros dise\u00f1os para que sean de primera l\u00ednea, respetando los presupuestos y cumpliendo con todos los c\u00f3digos y regulaciones.<\/span><\/p>\n<p><span class=\"font-607469\">Para servir con \u00e9xito a este mercado de desarrollo inmobiliario intensamente competitivo y en constante evoluci\u00f3n se requieren ideas nuevas y enfoques sofisticados y, a medida que la industria ha cambiado a lo largo de los a\u00f1os, nosotros tambi\u00e9n.<\/span><\/p>\n<p><span class=\"font-607469\">Hoy en d\u00eda, nuestra firma disfruta de una reputaci\u00f3n por sus dise\u00f1os innovadores e imaginativos, impulsados por las demandas cambiantes tanto de nuestros clientes como del mercado.<\/span><\/p>\n<p><span class=\"font-607469\">Nuestros dise\u00f1os enfatizan la alta calidad y las caracter\u00edsticas atractivas que agregan valor a cada proyecto y mejoran su comerciabilidad. Anticipamos y abordamos el impacto de los ciclos econ\u00f3micos, los cambios en los gustos de los consumidores, las nuevas regulaciones y c\u00f3digos de construcci\u00f3n, la importancia de la sostenibilidad y la necesidad de eficiencia energ\u00e9tica. Este enfoque nos ha llevado a crear estructuras comerciales, residenciales y de uso mixto que combinan un estilo contempor\u00e1neo con un atractivo duradero.<\/span><\/p>\n<p><span class=\"font-607469\"><strong>Aufgang <\/strong>Autgang es una empresa comercial minoritaria certificada por el estado y la ciudad de Nueva York<\/span><\/p>\n<\/div><\/div><\/div><\/div><\/div><\/div><\/div><\/div><\/div><\/div><\/div><\/div><\/div><\/div><script id=\"script-row-unique-1\" data-row=\"script-row-unique-1\" type=\"text\/javascript\" class=\"vc_controls\">UNCODE.initRow(document.getElementById(\"row-unique-1\"));<\/script><\/div><\/div><\/div><div data-parent=\"true\" class=\"vc_row row-container\" id=\"row-unique-2\"><div class=\"row no-top-padding no-bottom-padding single-h-padding limit-width row-parent\"><div class=\"wpb_row row-inner\"><div class=\"wpb_column pos-top pos-center align_left column_parent col-lg-12 single-internal-gutter\"><div class=\"uncol style-light\"  ><div class=\"uncoltable\"><div class=\"uncell no-block-padding\" ><div class=\"uncont\" ><div class=\"divider-wrapper\"  >\n    <hr class=\"unseparator border-,Default-color separator-no-padding\"  \/>\n<\/div>\n<\/div><\/div><\/div><\/div><\/div><script id=\"script-row-unique-2\" data-row=\"script-row-unique-2\" type=\"text\/javascript\" class=\"vc_controls\">UNCODE.initRow(document.getElementById(\"row-unique-2\"));<\/script><\/div><\/div><\/div><div data-parent=\"true\" class=\"vc_row row-container onepage-section\" data-label=\"Welcome\" data-name=\"welcome\" id=\"row-unique-3\"><div class=\"row triple-top-padding triple-bottom-padding single-h-padding limit-width row-parent\"><div class=\"wpb_row row-inner\"><div class=\"wpb_column pos-top pos-center align_left column_parent col-lg-4 one-internal-gutter\"><div class=\"uncol style-light\"  ><div class=\"uncoltable\"><div class=\"uncell no-block-padding\" ><div class=\"uncont\" ><div class=\"vc_custom_heading_wrap\"><div class=\"heading-text el-text\" ><h2 class=\"h4 text-capitalize\" ><span><span class=\"font-919751\">Servicios<\/span><\/span><\/h2><\/div><div class=\"clear\"><\/div><\/div><\/div><\/div><\/div><\/div><\/div><div class=\"wpb_column pos-top pos-center align_left column_parent col-lg-8 single-internal-gutter\"><div class=\"uncol style-light font-136269\"  ><div class=\"uncoltable\"><div class=\"uncell no-block-padding\" ><div class=\"uncont\" ><div class=\"vc_custom_heading_wrap\"><div class=\"heading-text el-text\" ><\/p>\n<h5><strong>Arquitectura<\/strong><\/h5>\n<p>\n<\/div><div class=\"clear\"><\/div><\/div><div class=\"vc_progress_bar wpb_content_element\" ><div class=\"vc_progress_label\" >Dise\u00f1o de Interiores<small class=\"vc_label\"><\/small><\/div><div class=\"vc_single_bar\" ><span class=\"vc_bar\" data-percentage-value=\"100\" data-value=\"100\"  style=\"background-color:#cc0099;\"><\/span><\/div><div class=\"vc_progress_label\" >Dise\u00f1o Arquitectonico<small class=\"vc_label\"><\/small><\/div><div class=\"vc_single_bar\" ><span class=\"vc_bar\" data-percentage-value=\"100\" data-value=\"100\"  style=\"background-color:#cc0099;\"><\/span><\/div><div class=\"vc_progress_label\" >Documentos de Construcci\u00f3n<small class=\"vc_label\"><\/small><\/div><div class=\"vc_single_bar\" ><span class=\"vc_bar\" data-percentage-value=\"100\" data-value=\"100\"  style=\"background-color:#cc0099;\"><\/span><\/div><div class=\"vc_progress_label\" >El Cumplimiento del C\u00f3digo<small class=\"vc_label\"><\/small><\/div><div class=\"vc_single_bar\" ><span class=\"vc_bar\" data-percentage-value=\"100\" data-value=\"100\"  style=\"background-color:#cc0099;\"><\/span><\/div><div class=\"vc_progress_label\" >Administracion de la Construccion<small class=\"vc_label\"><\/small><\/div><div class=\"vc_single_bar\" ><span class=\"vc_bar\" data-percentage-value=\"100\" data-value=\"100\"  style=\"background-color:#cc0099;\"><\/span><\/div><div class=\"vc_progress_label\" >Consultor\u00eda Ambiental<small class=\"vc_label\"><\/small><\/div><div class=\"vc_single_bar\" ><span class=\"vc_bar\" data-percentage-value=\"100\" data-value=\"100\"  style=\"background-color:#cc0099;\"><\/span><\/div><\/div><div class=\"empty-space empty-single\" ><span class=\"empty-space-inner\"><\/span><\/div>\n<div class=\"vc_custom_heading_wrap\"><div class=\"heading-text el-text\" ><hr class=\"separator-break\" \/><h6 class=\"h5 font-weight-600\" ><span>Planeaci\u00f3n y Desarrollo Comunitario<\/span><\/h6><\/div><div class=\"clear\"><\/div><\/div><div class=\"vc_progress_bar wpb_content_element\" ><div class=\"vc_progress_label\" >Evaluaci\u00f3n de Viabilidad del Sitio<small class=\"vc_label\"><\/small><\/div><div class=\"vc_single_bar\" ><span class=\"vc_bar\" data-percentage-value=\"100\" data-value=\"100\"  style=\"background-color:#cc0099;\"><\/span><\/div><div class=\"vc_progress_label\" >Estudios de Zonaci\u00f3n<small class=\"vc_label\"><\/small><\/div><div class=\"vc_single_bar\" ><span class=\"vc_bar\" data-percentage-value=\"100\" data-value=\"100\"  style=\"background-color:#cc0099;\"><\/span><\/div><div class=\"vc_progress_label\" >RFP Env\u00edos<small class=\"vc_label\"><\/small><\/div><div class=\"vc_single_bar\" ><span class=\"vc_bar\" data-percentage-value=\"100\" data-value=\"100\"  style=\"background-color:#cc0099;\"><\/span><\/div><div class=\"vc_progress_label\" >Dise\u00f1o Esquem\u00e1tico<small class=\"vc_label\"><\/small><\/div><div class=\"vc_single_bar\" ><span class=\"vc_bar\" data-percentage-value=\"100\" data-value=\"100\"  style=\"background-color:#cc0099;\"><\/span><\/div><\/div><div class=\"empty-space empty-single\" ><span class=\"empty-space-inner\"><\/span><\/div>\n<div class=\"vc_custom_heading_wrap\"><div class=\"heading-text el-text\" ><hr class=\"separator-break\" \/><h6 class=\"h5 font-weight-600\" ><span>Ingenier\u00eda<\/span><\/h6><\/div><div class=\"clear\"><\/div><\/div><div class=\"vc_progress_bar wpb_content_element\" ><div class=\"vc_progress_label\" >Asesoramiento sobre Sistemas de Construcci\u00f3n<small class=\"vc_label\"><\/small><\/div><div class=\"vc_single_bar\" ><span class=\"vc_bar\" data-percentage-value=\"100\" data-value=\"100\"  style=\"background-color:#cc0099;\"><\/span><\/div><div class=\"vc_progress_label\" >Dise\u00f1o Ingenier\u00eda<small class=\"vc_label\"><\/small><\/div><div class=\"vc_single_bar\" ><span class=\"vc_bar\" data-percentage-value=\"100\" data-value=\"100\"  style=\"background-color:#cc0099;\"><\/span><\/div><div class=\"vc_progress_label\" >El Cumplimiento del C\u00f3digo<small class=\"vc_label\"><\/small><\/div><div class=\"vc_single_bar\" ><span class=\"vc_bar\" data-percentage-value=\"100\" data-value=\"100\"  style=\"background-color:#cc0099;\"><\/span><\/div><div class=\"vc_progress_label\" >Administracion de la Construccion<small class=\"vc_label\"><\/small><\/div><div class=\"vc_single_bar\" ><span class=\"vc_bar\" data-percentage-value=\"100\" data-value=\"100\"  style=\"background-color:#cc0099;\"><\/span><\/div><div class=\"vc_progress_label\" >Consultor\u00eda Ambiental<small class=\"vc_label\"><\/small><\/div><div class=\"vc_single_bar\" ><span class=\"vc_bar\" data-percentage-value=\"100\" data-value=\"100\"  style=\"background-color:#cc0099;\"><\/span><\/div><\/div><\/div><\/div><\/div><\/div><\/div><script id=\"script-row-unique-3\" data-row=\"script-row-unique-3\" type=\"text\/javascript\" class=\"vc_controls\">UNCODE.initRow(document.getElementById(\"row-unique-3\"));<\/script><\/div><\/div><\/div><div data-parent=\"true\" class=\"vc_row row-container\" id=\"row-unique-4\"><div class=\"row no-top-padding no-bottom-padding single-h-padding limit-width row-parent\"><div class=\"wpb_row row-inner\"><div class=\"wpb_column pos-top pos-center align_left column_parent col-lg-12 single-internal-gutter\"><div class=\"uncol style-light\"  ><div class=\"uncoltable\"><div class=\"uncell no-block-padding\" ><div class=\"uncont\" ><div class=\"divider-wrapper\"  >\n    <hr class=\"unseparator border-,Default-color separator-no-padding\"  \/>\n<\/div>\n<\/div><\/div><\/div><\/div><\/div><script id=\"script-row-unique-4\" data-row=\"script-row-unique-4\" type=\"text\/javascript\" class=\"vc_controls\">UNCODE.initRow(document.getElementById(\"row-unique-4\"));<\/script><\/div><\/div><\/div>\n<\/div>","protected":false},"excerpt":{"rendered":"Guiding PrinciplesSince its establishment in 1971, Aufgang has come to be known for providing thoughtful, effective, and creative designs for [...]","protected":false},"author":1,"featured_media":0,"parent":0,"menu_order":0,"comment_status":"closed","ping_status":"closed","template":"","meta":{"footnotes":""},"class_list":["post-3624","page","type-page","status-publish","hentry"],"_links":{"self":[{"href":"https:\/\/www.aufgang.com\/es\/wp-json\/wp\/v2\/pages\/3624","targetHints":{"allow":["GET"]}}],"collection":[{"href":"https:\/\/www.aufgang.com\/es\/wp-json\/wp\/v2\/pages"}],"about":[{"href":"https:\/\/www.aufgang.com\/es\/wp-json\/wp\/v2\/types\/page"}],"author":[{"embeddable":true,"href":"https:\/\/www.aufgang.com\/es\/wp-json\/wp\/v2\/users\/1"}],"replies":[{"embeddable":true,"href":"https:\/\/www.aufgang.com\/es\/wp-json\/wp\/v2\/comments?post=3624"}],"version-history":[{"count":12,"href":"https:\/\/www.aufgang.com\/es\/wp-json\/wp\/v2\/pages\/3624\/revisions"}],"predecessor-version":[{"id":171910,"href":"https:\/\/www.aufgang.com\/es\/wp-json\/wp\/v2\/pages\/3624\/revisions\/171910"}],"wp:attachment":[{"href":"https:\/\/www.aufgang.com\/es\/wp-json\/wp\/v2\/media?parent=3624"}],"curies":[{"name":"wp","href":"https:\/\/api.w.org\/{rel}","templated":true}]}}